{"id":28,"date":"2025-08-23T17:23:03","date_gmt":"2025-08-23T17:23:03","guid":{"rendered":"https:\/\/rejuran.com.mx\/?page_id=28"},"modified":"2025-08-28T18:09:17","modified_gmt":"2025-08-28T18:09:17","slug":"pagina-de-inicio","status":"publish","type":"page","link":"https:\/\/rejuran.com.mx\/","title":{"rendered":"Pagina de inicio"},"content":{"rendered":"\n<div class=\"wp-block-uagb-container uagb-block-egded8e9 alignfull uagb-is-root-container\">\n<div data-aos= \"fade\" data-aos-duration=\"400\" data-aos-delay=\"0\" data-aos-easing=\"ease\" data-aos-once=\"true\" class=\"wp-block-uagb-container uagb-block-0baea044\">\n<div class=\"wp-block-columns is-layout-flex wp-container-core-columns-is-layout-28f84493 wp-block-columns-is-layout-flex\">\n<div class=\"wp-block-column is-layout-flow wp-block-column-is-layout-flow\">\n<div class=\"wp-block-uagb-image uagb-block-6e1ab472 wp-block-uagb-image--layout-default wp-block-uagb-image--effect-static wp-block-uagb-image--align-none\"><figure class=\"wp-block-uagb-image__figure\"><img decoding=\"async\" srcset=\"https:\/\/rejuran.com.mx\/wp-content\/uploads\/2025\/08\/Recurso-9@300x.png ,https:\/\/rejuran.com.mx\/wp-content\/uploads\/2025\/08\/Recurso-9@300x.png 780w, https:\/\/rejuran.com.mx\/wp-content\/uploads\/2025\/08\/Recurso-9@300x.png 360w\" sizes=\"auto, (max-width: 480px) 150px\" src=\"https:\/\/rejuran.com.mx\/wp-content\/uploads\/2025\/08\/Recurso-9@300x.png\" alt=\"\" class=\"uag-image-233\" width=\"960\" height=\"218\" title=\"Recurso 9@300x\" loading=\"lazy\" role=\"img\"\/><\/figure><\/div>\n\n\n\n<h2 class=\"wp-block-heading has-text-align-center has-ast-global-color-4-color has-text-color has-link-color has-large-font-size wp-elements-a86ef3a5be79236cf240ad2110ba8dfc\"><em>No solo mejora tu piel, la regenera.<\/em><\/h2>\n<\/div>\n<\/div>\n\n\n\n<div class=\"wp-block-uagb-container uagb-block-25c5f541\">\n<div class=\"wp-block-uagb-buttons uagb-buttons__outer-wrap uagb-btn__default-btn uagb-btn-tablet__default-btn uagb-btn-mobile__default-btn uagb-block-288c19c9\"><div class=\"uagb-buttons__wrap uagb-buttons-layout-wrap \">\n<div data-aos= \"fade\" data-aos-duration=\"400\" data-aos-delay=\"0\" data-aos-easing=\"ease\" data-aos-once=\"true\" class=\"wp-block-uagb-buttons-child uagb-buttons__outer-wrap uagb-block-95111f20 wp-block-button\"><div class=\"uagb-button__wrapper\"><a class=\"uagb-buttons-repeater wp-block-button__link\" aria-label=\"\" href=\"https:\/\/rejuran.com.mx\/?page_id=101\" rel=\"follow noopener\" target=\"_self\" role=\"button\"><div class=\"uagb-button__link\">Conoce m\u00e1s&#8230;<\/div><\/a><\/div><\/div>\n<\/div><\/div>\n<\/div>\n<\/div>\n<\/div>\n\n\n\n<div class=\"wp-block-uagb-container uagb-block-knkvokk2 alignfull uagb-is-root-container\"><div class=\"uagb-container-inner-blocks-wrap\">\n<div data-aos= \"fade-right\" data-aos-duration=\"400\" data-aos-delay=\"0\" data-aos-easing=\"ease\" data-aos-once=\"true\" class=\"wp-block-uagb-image alignleft uagb-block-rfymb4sn wp-block-uagb-image--layout-default wp-block-uagb-image--effect-static wp-block-uagb-image--align-left\"><figure class=\"wp-block-uagb-image__figure\"><img decoding=\"async\" srcset=\"https:\/\/rejuran.com.mx\/wp-content\/uploads\/2025\/08\/caja-jeringas-web.png ,https:\/\/rejuran.com.mx\/wp-content\/uploads\/2025\/08\/caja-jeringas-web.png 780w, https:\/\/rejuran.com.mx\/wp-content\/uploads\/2025\/08\/caja-jeringas-web.png 360w\" sizes=\"auto, (max-width: 480px) 150px\" src=\"https:\/\/rejuran.com.mx\/wp-content\/uploads\/2025\/08\/caja-jeringas-web.png\" alt=\"\" class=\"uag-image-278\" width=\"658\" height=\"423\" title=\"caja-jeringas-web\" loading=\"lazy\" role=\"img\"\/><\/figure><\/div>\n\n\n\n<div class=\"wp-block-uagb-container uagb-block-waqacmxo\">\n<div data-aos= \"fade-up\" data-aos-duration=\"400\" data-aos-delay=\"0\" data-aos-easing=\"ease\" data-aos-once=\"true\" class=\"wp-block-uagb-info-box uagb-block-zmbgzudx uagb-infobox__content-wrap  uagb-infobox-icon-above-title uagb-infobox-image-valign-top\"><div class=\"uagb-ifb-content\"><div class=\"uagb-ifb-title-wrap\"><h2 class=\"uagb-ifb-title\">\u00bfQU\u00c9 ES REJURAN?<\/h2><\/div><p class=\"uagb-ifb-desc\">REJURAN es un \u00abSanador de Nuevo Concepto\u00bb, elaborado a base de polinucle\u00f3tidos (PN), que son fragmentos de ADN de tama\u00f1o espec\u00edfico derivados del salm\u00f3n silvestre.<br><br>REJURAN devuelve a tu piel un aspecto joven y saludable de forma natural al administrar polinucle\u00f3tidos altamente biocompatibles directamente en la piel.<\/p><\/div><\/div>\n<\/div>\n<\/div><\/div>\n\n\n\n<hr class=\"wp-block-separator has-alpha-channel-opacity\"\/>\n\n\n\n<div class=\"wp-block-uagb-container uagb-block-604bceac alignfull uagb-is-root-container\"><div class=\"uagb-container-inner-blocks-wrap\"><style id=\"sp_lcp_dynamic_css291\">div#logo-carousel-free-291.logo-carousel-free .sp-lc-logo{border: 1px solid #dddddd;border-radius: 0px;overflow: hidden;}div#logo-carousel-free-291.logo-carousel-free .sp-lc-logo:hover{border-color: #16a08b;}#logo-carousel-free-291.sp-lc-container .sp-lc-pagination .swiper-pagination-bullet {background-color: #dddddd;margin: 0 4px;}#logo-carousel-free-291.sp-lc-container .sp-lc-pagination .swiper-pagination-bullet.swiper-pagination-bullet-active{background-color: #16a08b; }#logo-carousel-free-291.sp-lc-container .sp-logo-carousel {padding-top: 46px;}#logo-carousel-free-291.sp-lc-container .sp-lc-button-prev,#logo-carousel-free-291.sp-lc-container .sp-lc-button-next {color: #aaaaaa;background: transparent;border: 1px solid #aaaaaa;line-height: 28px;}#logo-carousel-free-291.sp-lc-container .sp-lc-button-prev:hover,#logo-carousel-free-291.sp-lc-container .sp-lc-button-next:hover{background-color: #029992;color: #ffffff;border-color: #029992;}@media only screen and (max-width: 576px) {} .logo-carousel-free-area#logo-carousel-free-291{position: relative;}#lcp-preloader-291{position: absolute;left: 0;top: 0;height: 100%;width: 100%;text-align: center;display: flex;align-items: center;justify-content: center;background: #fff;z-index: 9999;} .logo-carousel-free-area#logo-carousel-free-291 .sp-logo-carousel-section-title{margin-bottom: 30px;}#logo-carousel-free-291 .sp-lc-grid-container { justify-content: left; align-items: center; } #logo-carousel-free-291 .swiper-wrapper .swiper-slide { align-self: center; }#logo-carousel-free-291 .sp-lc-grid-container {margin-left: -4px;margin-right: -4px;width: calc( 100% + 8px);}#logo-carousel-free-291 .sp-lc-grid-container [class*=\"lc-col\"] {padding-left: 4px;padding-right: 4px;padding-bottom: 8px;}@media screen and (min-width: 1200px ){.logo-carousel-free-area#logo-carousel-free-291 .sp-logo-carousel:not([class*=\"-initialized\"]) > .swiper-wrapper {display: flex;width: calc( 100% + 8px );}.logo-carousel-free-area#logo-carousel-free-291 .sp-logo-carousel:not([class*=\"-initialized\"]) > .swiper-wrapper > .swiper-slide {width: 20%;padding-right: 8px;}}<\/style>\n<div id='logo-carousel-free-291' class=\"logo-carousel-free logo-carousel-free-area sp-lc-container\">\n\t\t\t<div id=\"lcp-preloader-291\" class=\"sp-logo-carousel-preloader\"><img decoding=\"async\" src=\"https:\/\/rejuran.com.mx\/wp-content\/plugins\/logo-carousel-free\/admin\/assets\/images\/spinner.svg\" class=\"skip-lazy\" alt=\"Loader Image\"\/><\/div>\n\t\t\t<div id=\"sp-logo-carousel-id-291\" class=\"swiper-container sp-logo-carousel  lcp-preloader\" dir=\"ltr\" data-carousel='{ \"speed\":600,\"spaceBetween\": 8, \"autoplay\": true, \"infinite\":true, \"autoplay_speed\": 3000, \"stop_onHover\": true, \"pagination\": true, \"navigation\": true, \"MobileNav\": true, \"MobilePagi\": true, \"simulateTouch\": true,\"freeMode\": false,\"swipeToSlide\": false, \"carousel_accessibility\": true,\"adaptiveHeight\": false,\"allowTouchMove\": true, \"slidesPerView\": { \"lg_desktop\": 5, \"desktop\": 4, \"tablet\": 3, \"mobile\": 1, \"mobile_landscape\": 2 } }' data-carousel-starts-onscreen=\"false\">\n\t\t<div class=\"swiper-wrapper\">\n\t\t\t\t<div class=\"swiper-slide\"><div class=\"sp-lc-logo\"><img loading=\"lazy\" decoding=\"async\" src=\"https:\/\/rejuran.com.mx\/wp-content\/uploads\/2025\/08\/FDA-USA.png\" title=\"\" alt=\"FDA USA\" width=\"64\" height=\"64\" class=\"sp-lc-image\"><\/div><\/div>\n\t\t<div class=\"swiper-slide\"><div class=\"sp-lc-logo\"><img loading=\"lazy\" decoding=\"async\" src=\"https:\/\/rejuran.com.mx\/wp-content\/uploads\/2025\/08\/TGA.png\" title=\"\" alt=\"TGA\" width=\"64\" height=\"64\" class=\"sp-lc-image\"><\/div><\/div>\n\t\t<div class=\"swiper-slide\"><div class=\"sp-lc-logo\"><img loading=\"lazy\" decoding=\"async\" src=\"https:\/\/rejuran.com.mx\/wp-content\/uploads\/2025\/08\/Cofepris.png\" title=\"\" alt=\"COFEPRIS LOGO\" width=\"64\" height=\"64\" class=\"sp-lc-image\"><\/div><\/div>\n\t\t<div class=\"swiper-slide\"><div class=\"sp-lc-logo\"><img loading=\"lazy\" decoding=\"async\" src=\"https:\/\/rejuran.com.mx\/wp-content\/uploads\/2025\/08\/VOGE-1.png\" title=\"\" alt=\"VOGUE\" width=\"64\" height=\"64\" class=\"sp-lc-image\"><\/div><\/div>\n\t\t<div class=\"swiper-slide\"><div class=\"sp-lc-logo\"><img loading=\"lazy\" decoding=\"async\" src=\"https:\/\/rejuran.com.mx\/wp-content\/uploads\/2025\/08\/VOGE.png\" title=\"\" alt=\"MARIE CLAIRE\" width=\"64\" height=\"64\" class=\"sp-lc-image\"><\/div><\/div>\n\t\t<div class=\"swiper-slide\"><div class=\"sp-lc-logo\"><img loading=\"lazy\" decoding=\"async\" src=\"https:\/\/rejuran.com.mx\/wp-content\/uploads\/2025\/08\/VOGE-5.png\" title=\"\" alt=\"THE CUT\" width=\"64\" height=\"64\" class=\"sp-lc-image\"><\/div><\/div>\n\t\t<div class=\"swiper-slide\"><div class=\"sp-lc-logo\"><img loading=\"lazy\" decoding=\"async\" src=\"https:\/\/rejuran.com.mx\/wp-content\/uploads\/2025\/08\/VOGE-4.png\" title=\"\" alt=\"BYRDIE\" width=\"64\" height=\"64\" class=\"sp-lc-image\"><\/div><\/div>\n\t\t<div class=\"swiper-slide\"><div class=\"sp-lc-logo\"><img loading=\"lazy\" decoding=\"async\" src=\"https:\/\/rejuran.com.mx\/wp-content\/uploads\/2025\/08\/VOGE-3.png\" title=\"\" alt=\"NEWBEAUTY\" width=\"64\" height=\"64\" class=\"sp-lc-image\"><\/div><\/div>\n\t\t<div class=\"swiper-slide\"><div class=\"sp-lc-logo\"><img loading=\"lazy\" decoding=\"async\" src=\"https:\/\/rejuran.com.mx\/wp-content\/uploads\/2025\/08\/VOGE-2.png\" title=\"\" alt=\"ALLURE\" width=\"64\" height=\"64\" class=\"sp-lc-image\"><\/div><\/div>\n\t\t\t<\/div>\n\n\t\t\t\t\t<div class=\"sp-lc-pagination swiper-pagination dots\"><\/div>\n\t\t\t\t\t\t<div class=\"sp-lc-button-next\"><i class=\"fa fa-angle-right\"><\/i><\/div>\n\t\t\t<div class=\"sp-lc-button-prev\"><i class=\"fa fa-angle-left\"><\/i><\/div>\n\t\t\t\t<\/div>\n<\/div>\n\n<\/div><\/div>\n\n\n\n<hr class=\"wp-block-separator has-alpha-channel-opacity\"\/>\n\n\n\n<div class=\"wp-block-uagb-container uagb-block-80f8b66e alignfull uagb-is-root-container\"><div class=\"uagb-container-inner-blocks-wrap\">\n<div data-aos= \"fade\" data-aos-duration=\"400\" data-aos-delay=\"0\" data-aos-easing=\"ease\" data-aos-once=\"true\" class=\"wp-block-uagb-info-box uagb-block-0d032462 uagb-infobox__content-wrap  uagb-infobox-icon-above-title uagb-infobox-image-valign-top\"><div class=\"uagb-ifb-content\"><div class=\"uagb-ifb-title-wrap\"><h3 class=\"uagb-ifb-title\">Beneficios de Rejuran&#8230;<\/h3><\/div><p class=\"uagb-ifb-desc\">Es un tratamiento de rejuvenecimiento cut\u00e1neo muy potente y avanzado que, gracias a sus propiedades de reparaci\u00f3n celular, puede ayudarte a \u00abretroceder el reloj\u00bb y lograr una piel joven, natural y saludable.<\/p><\/div><\/div>\n\n\n\n<div data-aos= \"fade-up\" data-aos-duration=\"400\" data-aos-delay=\"0\" data-aos-easing=\"ease\" data-aos-once=\"true\" class=\"wp-block-uagb-container uagb-block-072a629a\">\n<div class=\"wp-block-columns is-layout-flex wp-container-core-columns-is-layout-28f84493 wp-block-columns-is-layout-flex\">\n<div class=\"wp-block-column is-layout-flow wp-block-column-is-layout-flow\">\n<div class=\"wp-block-uagb-info-box uagb-block-e632257d uagb-infobox__content-wrap  uagb-infobox-icon-above-title uagb-infobox-image-valign-top\"><div class=\"uagb-ifb-content\"><div class=\"uagb-ifb-icon-wrap\"><svg xmlns=\"https:\/\/www.w3.org\/2000\/svg\" viewBox=\"0 0 384 512\"><path d=\"M240.5 224H352C365.3 224 377.3 232.3 381.1 244.7C386.6 257.2 383.1 271.3 373.1 280.1L117.1 504.1C105.8 513.9 89.27 514.7 77.19 505.9C65.1 497.1 60.7 481.1 66.59 467.4L143.5 288H31.1C18.67 288 6.733 279.7 2.044 267.3C-2.645 254.8 .8944 240.7 10.93 231.9L266.9 7.918C278.2-1.92 294.7-2.669 306.8 6.114C318.9 14.9 323.3 30.87 317.4 44.61L240.5 224z\"><\/path><\/svg><\/div><div class=\"uagb-ifb-title-wrap\"><h3 class=\"uagb-ifb-title\">Estimula naturalmente la producci\u00f3n de col\u00e1geno<\/h3><\/div><p class=\"uagb-ifb-desc\">Favorece la creaci\u00f3n de col\u00e1geno y elastina, mejorando firmeza y elasticidad para una piel m\u00e1s resistente y uniforme.<\/p><\/div><\/div>\n<\/div>\n\n\n\n<div class=\"wp-block-column is-layout-flow wp-block-column-is-layout-flow\">\n<div class=\"wp-block-uagb-info-box uagb-block-e28a6910 uagb-infobox__content-wrap  uagb-infobox-icon-above-title uagb-infobox-image-valign-top\"><div class=\"uagb-ifb-content\"><div class=\"uagb-ifb-icon-wrap\"><svg xmlns=\"https:\/\/www.w3.org\/2000\/svg\" viewBox=\"0 0 576 512\"><path d=\"M499.6 11.32C506.3 .5948 520.1-3.127 531.3 2.814C542.4 8.754 547.1 22.32 541.9 33.84L404.8 338.6C406.9 340.9 409 343.3 411.1 345.7L508.2 291.1C518.7 285.2 531.9 287.9 539.1 297.5C546.4 307 545.4 320.5 536.1 328.1L449.9 415.1H378.5C365.4 378.7 329.8 351.1 288 351.1C246.2 351.1 210.6 378.7 197.5 415.1H117.8L42.34 363.7C32.59 356.1 29.23 344.1 34.43 333.5C39.64 322.8 51.84 317.6 63.16 321.1L160.4 351.5C163.3 347.6 166.5 343.8 169.7 340.2L107.4 236.3C101.4 226.3 103.5 213.3 112.5 205.7C121.5 198.1 134.7 198.1 143.6 205.8L246 293.6C247.5 293.2 249 292.8 250.5 292.4L264.1 149.7C265.3 137.4 275.6 127.1 288 127.1C300.4 127.1 310.7 137.4 311.9 149.7L325.4 291.6L499.6 11.32zM544 447.1C561.7 447.1 576 462.3 576 479.1C576 497.7 561.7 511.1 544 511.1H32C14.33 511.1 0 497.7 0 479.1C0 462.3 14.33 447.1 32 447.1H544zM288-.0046C301.3-.0046 312 10.74 312 23.1V71.1C312 85.25 301.3 95.1 288 95.1C274.7 95.1 264 85.25 264 71.1V23.1C264 10.74 274.7-.0046 288-.0046V-.0046z\"><\/path><\/svg><\/div><div class=\"uagb-ifb-title-wrap\"><h3 class=\"uagb-ifb-title\">Activa procesos internos de regeneraci\u00f3n celular<\/h3><\/div><p class=\"uagb-ifb-desc\">Promueve la reparaci\u00f3n del ADN y acelera la renovaci\u00f3n cut\u00e1nea, reduciendo l\u00edneas finas, arrugas y da\u00f1os ocasionados por factores externos.<\/p><\/div><\/div>\n<\/div>\n\n\n\n<div class=\"wp-block-column is-layout-flow wp-block-column-is-layout-flow\">\n<div class=\"wp-block-uagb-info-box uagb-block-df4d5385 uagb-infobox__content-wrap  uagb-infobox-icon-above-title uagb-infobox-image-valign-top\"><div class=\"uagb-ifb-content\"><div class=\"uagb-ifb-icon-wrap\"><svg xmlns=\"https:\/\/www.w3.org\/2000\/svg\" viewBox=\"0 0 448 512\"><path d=\"M416 288C433.7 288 448 302.3 448 320C448 337.7 433.7 352 416 352H32C14.33 352 0 337.7 0 320C0 302.3 14.33 288 32 288H416zM416 160C433.7 160 448 174.3 448 192C448 209.7 433.7 224 416 224H32C14.33 224 0 209.7 0 192C0 174.3 14.33 160 32 160H416z\"><\/path><\/svg><\/div><div class=\"uagb-ifb-title-wrap\"><h3 class=\"uagb-ifb-title\">Mejora la estructura del tejido d\u00e9rmico<\/h3><\/div><p class=\"uagb-ifb-desc\">Aporta hidrataci\u00f3n profunda y fortalece la funci\u00f3n barrera, logrando una textura m\u00e1s suave, uniforme y cl\u00ednicamente saludable.<\/p><\/div><\/div>\n<\/div>\n<\/div>\n<\/div>\n<\/div><\/div>\n\n\n\n<hr class=\"wp-block-separator has-alpha-channel-opacity\"\/>\n\n\n\n<div style=\"height:100px\" aria-hidden=\"true\" class=\"wp-block-spacer\"><\/div>\n\n\n\n<div data-aos= \"fade-up\" data-aos-duration=\"400\" data-aos-delay=\"0\" data-aos-easing=\"ease\" data-aos-once=\"true\" class=\"wp-block-uagb-info-box uagb-block-f67ae091 uagb-infobox__content-wrap  uagb-infobox-icon-above-title uagb-infobox-image-valign-top\"><div class=\"uagb-ifb-content\"><div class=\"uagb-ifb-title-wrap\"><h3 class=\"uagb-ifb-title\">\u00bfC\u00f3mo funciona Rejuran?<\/h3><\/div><\/div><\/div>\n\n\n\n<div data-aos= \"fade-down\" data-aos-duration=\"400\" data-aos-delay=\"0\" data-aos-easing=\"ease\" data-aos-once=\"true\" class=\"wp-block-uagb-container uagb-block-4cd0e065 alignfull uagb-is-root-container\"><div class=\"uagb-container-inner-blocks-wrap\">\n<div class=\"wp-block-uagb-container uagb-block-b301a0b3\">\n<div data-aos= \"fade-left\" data-aos-duration=\"400\" data-aos-delay=\"0\" data-aos-easing=\"ease\" data-aos-once=\"true\" class=\"wp-block-uagb-info-box uagb-block-d3df5184 uagb-infobox__content-wrap  uagb-infobox-icon-above-title uagb-infobox-image-valign-top\"><div class=\"uagb-ifb-content\"><div class=\"uagb-ifb-image-content\"><img decoding=\"async\" src=\"https:\/\/rejuran.com.mx\/wp-content\/uploads\/2025\/08\/20220721_PRODUCTS__14.png\" alt=\"\" width=\"\" height=\"0\" loading=\"lazy\"\/><\/div><div class=\"uagb-ifb-title-wrap\"><h3 class=\"uagb-ifb-title\">Microinyecciones precisas<\/h3><\/div><p class=\"uagb-ifb-desc\">Aplicaci\u00f3n superficial de polinucle\u00f3tidos biocompatibles en zonas objetivo para iniciar el protocolo.<\/p><\/div><\/div>\n<\/div>\n\n\n\n<div class=\"wp-block-uagb-container uagb-block-a3df266c\">\n<div data-aos= \"fade-left\" data-aos-duration=\"400\" data-aos-delay=\"0\" data-aos-easing=\"ease\" data-aos-once=\"true\" class=\"wp-block-uagb-info-box uagb-block-c41d796c uagb-infobox__content-wrap  uagb-infobox-icon-above-title uagb-infobox-image-valign-top\"><div class=\"uagb-ifb-content\"><div class=\"uagb-ifb-image-content\"><img decoding=\"async\" src=\"https:\/\/rejuran.com.mx\/wp-content\/uploads\/2025\/08\/20220721_PRODUCTS__22.png\" alt=\"\" width=\"\" height=\"0\" loading=\"lazy\"\/><\/div><div class=\"uagb-ifb-title-wrap\"><h3 class=\"uagb-ifb-title\">Entorno de reparaci\u00f3n<\/h3><\/div><p class=\"uagb-ifb-desc\">Los PN favorecen un entorno que estimula procesos de regeneraci\u00f3n y s\u00edntesis de col\u00e1geno.<\/p><\/div><\/div>\n<\/div>\n\n\n\n<div class=\"wp-block-uagb-container uagb-block-da8fe28c\">\n<div data-aos= \"fade-left\" data-aos-duration=\"400\" data-aos-delay=\"0\" data-aos-easing=\"ease\" data-aos-once=\"true\" class=\"wp-block-uagb-info-box uagb-block-dc80785f uagb-infobox__content-wrap  uagb-infobox-icon-above-title uagb-infobox-image-valign-top\"><div class=\"uagb-ifb-content\"><div class=\"uagb-ifb-image-content\"><img decoding=\"async\" src=\"https:\/\/rejuran.com.mx\/wp-content\/uploads\/2025\/08\/20220721_PRODUCTS__19.png\" alt=\"\" width=\"\" height=\"0\" loading=\"lazy\"\/><\/div><div class=\"uagb-ifb-title-wrap\"><h3 class=\"uagb-ifb-title\">Resultados progresivos<\/h3><\/div><p class=\"uagb-ifb-desc\">Cambios en textura y luminosidad se observan de forma progresiva con el plan de sesiones.<\/p><\/div><\/div>\n<\/div>\n<\/div><\/div>\n\n\n\n<hr class=\"wp-block-separator has-alpha-channel-opacity\"\/>\n\n\n\n<div class=\"wp-block-uagb-container uagb-block-mxxj4ejk alignfull uagb-is-root-container\"><div class=\"uagb-container-inner-blocks-wrap\">\n<div data-aos= \"flip-right\" data-aos-duration=\"400\" data-aos-delay=\"0\" data-aos-easing=\"ease\" data-aos-once=\"true\" class=\"wp-block-uagb-info-box uagb-block-oxqbzvh6 uagb-infobox__content-wrap  uagb-infobox-icon-above-title uagb-infobox-image-valign-top wp-block-uagb-info-box--has-margin\"><div class=\"uagb-infobox-margin-wrapper\"><div class=\"uagb-ifb-content\"><div class=\"uagb-ifb-title-wrap\"><h2 class=\"uagb-ifb-title\">\u00bfQuieres saber m\u00e1s?<\/h2><\/div><div class=\"uagb-ifb-button-wrapper wp-block-button\"><a href=\"https:\/\/rejuran.com.mx\/?page_id=54\" class=\"uagb-infobox-cta-link wp-block-button__link\" target=\"_self\" rel=\"noopener noreferrer\" onclick=\"return true;\"><span class=\"uagb-inline-editing\">Cont\u00e1ctanos <\/span><\/a><\/div><\/div><\/div><\/div>\n<\/div><\/div>\n\n\n\n<p><\/p>\n","protected":false},"excerpt":{"rendered":"<p>No solo mejora tu piel, la regenera.<\/p>\n","protected":false},"author":1,"featured_media":0,"parent":0,"menu_order":0,"comment_status":"closed","ping_status":"closed","template":"","meta":{"_uag_custom_page_level_css":"","site-sidebar-layout":"default","site-content-layout":"","ast-site-content-layout":"default","site-content-style":"default","site-sidebar-style":"default","ast-global-header-display":"","ast-banner-title-visibility":"","ast-main-header-display":"","ast-hfb-above-header-display":"","ast-hfb-below-header-display":"","ast-hfb-mobile-header-display":"","site-post-title":"disabled","ast-breadcrumbs-content":"","ast-featured-img":"","footer-sml-layout":"","theme-transparent-header-meta":"","adv-header-id-meta":"","stick-header-meta":"","header-above-stick-meta":"","header-main-stick-meta":"","header-below-stick-meta":"","astra-migrate-meta-layouts":"default","ast-page-background-enabled":"default","ast-page-background-meta":{"desktop":{"background-color":"var(--ast-global-color-5)","background-image":"","background-repeat":"repeat","background-position":"center center","background-size":"auto","background-attachment":"scroll","background-type":"","background-media":"","overlay-type":"","overlay-color":"","overlay-opacity":"","overlay-gradient":""},"tablet":{"background-color":"","background-image":"","background-repeat":"repeat","background-position":"center center","background-size":"auto","background-attachment":"scroll","background-type":"","background-media":"","overlay-type":"","overlay-color":"","overlay-opacity":"","overlay-gradient":""},"mobile":{"background-color":"","background-image":"","background-repeat":"repeat","background-position":"center center","background-size":"auto","background-attachment":"scroll","background-type":"","background-media":"","overlay-type":"","overlay-color":"","overlay-opacity":"","overlay-gradient":""}},"ast-content-background-meta":{"desktop":{"background-color":"var(--ast-global-color-4)","background-image":"","background-repeat":"repeat","background-position":"center center","background-size":"auto","background-attachment":"scroll","background-type":"","background-media":"","overlay-type":"","overlay-color":"","overlay-opacity":"","overlay-gradient":""},"tablet":{"background-color":"var(--ast-global-color-4)","background-image":"","background-repeat":"repeat","background-position":"center center","background-size":"auto","background-attachment":"scroll","background-type":"","background-media":"","overlay-type":"","overlay-color":"","overlay-opacity":"","overlay-gradient":""},"mobile":{"background-color":"var(--ast-global-color-4)","background-image":"","background-repeat":"repeat","background-position":"center center","background-size":"auto","background-attachment":"scroll","background-type":"","background-media":"","overlay-type":"","overlay-color":"","overlay-opacity":"","overlay-gradient":""}},"footnotes":""},"class_list":["post-28","page","type-page","status-publish","hentry"],"uagb_featured_image_src":{"full":false,"thumbnail":false,"medium":false,"medium_large":false,"large":false,"1536x1536":false,"2048x2048":false},"uagb_author_info":{"display_name":"admin","author_link":"https:\/\/rejuran.com.mx\/author\/rejurancom"},"uagb_comment_info":0,"uagb_excerpt":"No solo mejora tu piel, la regenera.","_links":{"self":[{"href":"https:\/\/rejuran.com.mx\/index.php?rest_route=\/wp\/v2\/pages\/28","targetHints":{"allow":["GET"]}}],"collection":[{"href":"https:\/\/rejuran.com.mx\/index.php?rest_route=\/wp\/v2\/pages"}],"about":[{"href":"https:\/\/rejuran.com.mx\/index.php?rest_route=\/wp\/v2\/types\/page"}],"author":[{"embeddable":true,"href":"https:\/\/rejuran.com.mx\/index.php?rest_route=\/wp\/v2\/users\/1"}],"replies":[{"embeddable":true,"href":"https:\/\/rejuran.com.mx\/index.php?rest_route=%2Fwp%2Fv2%2Fcomments&post=28"}],"version-history":[{"count":36,"href":"https:\/\/rejuran.com.mx\/index.php?rest_route=\/wp\/v2\/pages\/28\/revisions"}],"predecessor-version":[{"id":293,"href":"https:\/\/rejuran.com.mx\/index.php?rest_route=\/wp\/v2\/pages\/28\/revisions\/293"}],"wp:attachment":[{"href":"https:\/\/rejuran.com.mx\/index.php?rest_route=%2Fwp%2Fv2%2Fmedia&parent=28"}],"curies":[{"name":"wp","href":"https:\/\/api.w.org\/{rel}","templated":true}]}}