{"id":101,"date":"2025-08-26T00:20:18","date_gmt":"2025-08-26T00:20:18","guid":{"rendered":"https:\/\/rejuran.com.mx\/?page_id=101"},"modified":"2025-08-28T18:52:54","modified_gmt":"2025-08-28T18:52:54","slug":"101-2","status":"publish","type":"page","link":"https:\/\/rejuran.com.mx\/?page_id=101","title":{"rendered":"Rejuran Healer"},"content":{"rendered":"\n<div class=\"wp-block-uagb-container uagb-block-25efe059 alignfull uagb-is-root-container\"><div class=\"uagb-container-inner-blocks-wrap\">\n<div data-aos= \"fade-down\" data-aos-duration=\"400\" data-aos-delay=\"0\" data-aos-easing=\"ease\" data-aos-once=\"true\" class=\"wp-block-uagb-advanced-heading uagb-block-152b2cf8\"><h1 class=\"uagb-heading-text\">Rejuvenece la piel hoy<\/h1><\/div>\n\n\n\n<div data-aos= \"fade-up\" data-aos-duration=\"400\" data-aos-delay=\"0\" data-aos-easing=\"ease\" data-aos-once=\"true\" class=\"wp-block-uagb-info-box uagb-block-26759853 uagb-infobox__content-wrap  uagb-infobox-icon-above-title uagb-infobox-image-valign-top\"><div class=\"uagb-ifb-content\"><div class=\"uagb-ifb-title-wrap\"><\/div><p class=\"uagb-ifb-desc\">Una soluci\u00f3n innovadora que activa la regeneraci\u00f3n celular, reduce l\u00edneas y arrugas, y mejora la textura para ofrecer resultados visibles y seguros a tus pacientes.<\/p><\/div><\/div>\n<\/div><\/div>\n\n\n\n<div class=\"wp-block-uagb-container uagb-block-4a87feac alignfull uagb-is-root-container\"><div class=\"uagb-container-inner-blocks-wrap\">\n<div class=\"wp-block-uagb-container uagb-block-d3093e28 alignfull uagb-is-root-container\"><div class=\"uagb-container-inner-blocks-wrap\">\n<div class=\"wp-block-uagb-container uagb-block-73bf8f5c\">\n<div data-aos= \"fade-left\" data-aos-duration=\"400\" data-aos-delay=\"0\" data-aos-easing=\"ease\" data-aos-once=\"true\" class=\"wp-block-uagb-info-box uagb-block-7ca01798 uagb-infobox__content-wrap  uagb-infobox-icon-above-title uagb-infobox-image-valign-top\"><div class=\"uagb-ifb-content\"><div class=\"uagb-ifb-title-wrap\"><h3 class=\"uagb-ifb-title\">Rejuran Healer<br><\/h3><\/div><p class=\"uagb-ifb-desc\">Regeneraci\u00f3n celular con ADN de salm\u00f3n.<br><br>Rejuran Healer es un innovador tratamiento est\u00e9tico de origen surcoreano que estimula la regeneraci\u00f3n celular y la producci\u00f3n de col\u00e1geno, logrando una piel m\u00e1s firme, hidratada y rejuvenecida.<\/p><\/div><\/div>\n<\/div>\n\n\n\n<div class=\"wp-block-uagb-container uagb-block-b154721b\">\n<div data-aos= \"fade-left\" data-aos-duration=\"400\" data-aos-delay=\"0\" data-aos-easing=\"ease\" data-aos-once=\"true\" class=\"wp-block-uagb-image uagb-block-9af49c85 wp-block-uagb-image--layout-default wp-block-uagb-image--effect-static wp-block-uagb-image--align-none\"><figure class=\"wp-block-uagb-image__figure\"><img decoding=\"async\" srcset=\"https:\/\/rejuran.com.mx\/wp-content\/uploads\/2025\/08\/IMG-12-1024x683.jpg ,https:\/\/rejuran.com.mx\/wp-content\/uploads\/2025\/08\/IMG-12.jpg 780w, https:\/\/rejuran.com.mx\/wp-content\/uploads\/2025\/08\/IMG-12.jpg 360w\" sizes=\"auto, (max-width: 480px) 150px\" src=\"https:\/\/rejuran.com.mx\/wp-content\/uploads\/2025\/08\/IMG-12-1024x683.jpg\" alt=\"\" class=\"uag-image-116\" width=\"1024\" height=\"683\" title=\"IMG (12)\" loading=\"lazy\" role=\"img\"\/><\/figure><\/div>\n<\/div>\n<\/div><\/div>\n\n\n\n<div class=\"wp-block-uagb-container uagb-block-92058d51\"><style id=\"sp_lcp_dynamic_css308\">div#logo-carousel-free-308.logo-carousel-free .sp-lc-logo{border: 1px solid #dddddd;border-radius: 0px;overflow: hidden;}div#logo-carousel-free-308.logo-carousel-free .sp-lc-logo:hover{border-color: #16a08b;}#logo-carousel-free-308.sp-lc-container .sp-lc-pagination .swiper-pagination-bullet {background-color: #dddddd;margin: 0 4px;}#logo-carousel-free-308.sp-lc-container .sp-lc-pagination .swiper-pagination-bullet.swiper-pagination-bullet-active{background-color: #16a08b; }@media only screen and (max-width: 576px) {#logo-carousel-free-308.sp-lc-container .sp-lc-button-prev,#logo-carousel-free-308.sp-lc-container .sp-lc-button-next {display: none;}} .logo-carousel-free-area#logo-carousel-free-308{position: relative;}#lcp-preloader-308{position: absolute;left: 0;top: 0;height: 100%;width: 100%;text-align: center;display: flex;align-items: center;justify-content: center;background: #fff;z-index: 9999;} .logo-carousel-free-area#logo-carousel-free-308 .sp-logo-carousel-section-title{margin-bottom: 30px;}#logo-carousel-free-308 .sp-lc-grid-container { justify-content: left; align-items: center; } #logo-carousel-free-308 .swiper-wrapper .swiper-slide { align-self: center; }#logo-carousel-free-308 .sp-lc-grid-container {margin-left: -4px;margin-right: -4px;width: calc( 100% + 8px);}#logo-carousel-free-308 .sp-lc-grid-container [class*=\"lc-col\"] {padding-left: 4px;padding-right: 4px;padding-bottom: 8px;}@media screen and (min-width: 1200px ){.logo-carousel-free-area#logo-carousel-free-308 .sp-logo-carousel:not([class*=\"-initialized\"]) > .swiper-wrapper {display: flex;width: calc( 100% + 8px );}.logo-carousel-free-area#logo-carousel-free-308 .sp-logo-carousel:not([class*=\"-initialized\"]) > .swiper-wrapper > .swiper-slide {width: 20%;padding-right: 8px;}}<\/style>\n<div id='logo-carousel-free-308' class=\"logo-carousel-free logo-carousel-free-area sp-lc-container\">\n\t\t\t<div id=\"lcp-preloader-308\" class=\"sp-logo-carousel-preloader\"><img decoding=\"async\" src=\"https:\/\/rejuran.com.mx\/wp-content\/plugins\/logo-carousel-free\/admin\/assets\/images\/spinner.svg\" class=\"skip-lazy\" alt=\"Loader Image\"\/><\/div>\n\t\t\t<div id=\"sp-logo-carousel-id-308\" class=\"swiper-container sp-logo-carousel  lcp-preloader\" dir=\"ltr\" data-carousel='{ \"speed\":600,\"spaceBetween\": 8, \"autoplay\": true, \"infinite\":true, \"autoplay_speed\": 3000, \"stop_onHover\": true, \"pagination\": true, \"navigation\": false, \"MobileNav\": false, \"MobilePagi\": true, \"simulateTouch\": true,\"freeMode\": false,\"swipeToSlide\": false, \"carousel_accessibility\": true,\"adaptiveHeight\": false,\"allowTouchMove\": true, \"slidesPerView\": { \"lg_desktop\": 5, \"desktop\": 4, \"tablet\": 3, \"mobile\": 1, \"mobile_landscape\": 2 } }' data-carousel-starts-onscreen=\"false\">\n\t\t<div class=\"swiper-wrapper\">\n\t\t\t\t<div class=\"swiper-slide\"><div class=\"sp-lc-logo\"><img loading=\"lazy\" decoding=\"async\" src=\"https:\/\/rejuran.com.mx\/wp-content\/uploads\/2025\/08\/VOGE-2.png\" title=\"\" alt=\"ALLURE\" width=\"64\" height=\"64\" class=\"sp-lc-image\"><\/div><\/div>\n\t\t<div class=\"swiper-slide\"><div class=\"sp-lc-logo\"><img loading=\"lazy\" decoding=\"async\" src=\"https:\/\/rejuran.com.mx\/wp-content\/uploads\/2025\/08\/VOGE-3.png\" title=\"\" alt=\"NEWBEAUTY\" width=\"64\" height=\"64\" class=\"sp-lc-image\"><\/div><\/div>\n\t\t<div class=\"swiper-slide\"><div class=\"sp-lc-logo\"><img loading=\"lazy\" decoding=\"async\" src=\"https:\/\/rejuran.com.mx\/wp-content\/uploads\/2025\/08\/VOGE-4.png\" title=\"\" alt=\"BYRDIE\" width=\"64\" height=\"64\" class=\"sp-lc-image\"><\/div><\/div>\n\t\t<div class=\"swiper-slide\"><div class=\"sp-lc-logo\"><img loading=\"lazy\" decoding=\"async\" src=\"https:\/\/rejuran.com.mx\/wp-content\/uploads\/2025\/08\/VOGE-5.png\" title=\"\" alt=\"THE CUT\" width=\"64\" height=\"64\" class=\"sp-lc-image\"><\/div><\/div>\n\t\t<div class=\"swiper-slide\"><div class=\"sp-lc-logo\"><img loading=\"lazy\" decoding=\"async\" src=\"https:\/\/rejuran.com.mx\/wp-content\/uploads\/2025\/08\/VOGE.png\" title=\"\" alt=\"MARIE CLAIRE\" width=\"64\" height=\"64\" class=\"sp-lc-image\"><\/div><\/div>\n\t\t<div class=\"swiper-slide\"><div class=\"sp-lc-logo\"><img loading=\"lazy\" decoding=\"async\" src=\"https:\/\/rejuran.com.mx\/wp-content\/uploads\/2025\/08\/VOGE-1.png\" title=\"\" alt=\"VOGUE\" width=\"64\" height=\"64\" class=\"sp-lc-image\"><\/div><\/div>\n\t\t<div class=\"swiper-slide\"><div class=\"sp-lc-logo\"><img loading=\"lazy\" decoding=\"async\" src=\"https:\/\/rejuran.com.mx\/wp-content\/uploads\/2025\/08\/Cofepris.png\" title=\"\" alt=\"COFEPRIS LOGO\" width=\"64\" height=\"64\" class=\"sp-lc-image\"><\/div><\/div>\n\t\t<div class=\"swiper-slide\"><div class=\"sp-lc-logo\"><img loading=\"lazy\" decoding=\"async\" src=\"https:\/\/rejuran.com.mx\/wp-content\/uploads\/2025\/08\/TGA.png\" title=\"\" alt=\"TGA\" width=\"64\" height=\"64\" class=\"sp-lc-image\"><\/div><\/div>\n\t\t<div class=\"swiper-slide\"><div class=\"sp-lc-logo\"><img loading=\"lazy\" decoding=\"async\" src=\"https:\/\/rejuran.com.mx\/wp-content\/uploads\/2025\/08\/FDA-USA.png\" title=\"\" alt=\"FDA USA\" width=\"64\" height=\"64\" class=\"sp-lc-image\"><\/div><\/div>\n\t\t\t<\/div>\n\n\t\t\t\t\t<div class=\"sp-lc-pagination swiper-pagination dots\"><\/div>\n\t\t\t\t<\/div>\n<\/div>\n\n<\/div>\n\n\n\n<div style=\"height:100px\" aria-hidden=\"true\" class=\"wp-block-spacer\"><\/div>\n\n\n\n<div class=\"wp-block-uagb-container uagb-block-be73678c alignfull uagb-is-root-container\"><div class=\"uagb-container-inner-blocks-wrap\">\n<div class=\"wp-block-uagb-container uagb-block-eed5dec5\">\n<div data-aos= \"fade-down\" data-aos-duration=\"400\" data-aos-delay=\"0\" data-aos-easing=\"ease\" data-aos-once=\"true\" class=\"wp-block-uagb-info-box uagb-block-da84fc92 uagb-infobox__content-wrap  uagb-infobox-icon-above-title uagb-infobox-image-valign-top\"><div class=\"uagb-ifb-content\"><div class=\"uagb-ifb-title-wrap\"><h3 class=\"uagb-ifb-title\"><br>Amplia Gama de Aplicaciones<\/h3><\/div><p class=\"uagb-ifb-desc\"><br>Como regenerador de tejido cut\u00e1neo, REJURAN\u00ae puede aplicarse en toda la piel (rostro, escote, manos, etc.) que tienen:<br><br>&#8211; Poca elasticidad.<br>&#8211; Pigmentaci\u00f3n.<br>&#8211; Arrugas finas causadas por el envejecimiento intr\u00ednseco y el foto envejecimiento.<br><br>Est\u00e1 da\u00f1ada por tratamientos repetitivos de la piel, est\u00edmulos qu\u00edmicos de cosm\u00e9ticos y contaminaci\u00f3n.<br><br>REJURAN puede aplicarse en zonas de piel delgada. La elasticidad de la piel mejora m\u00e1s en las mejillas a las 4 semanas despu\u00e9s de la administraci\u00f3 (medici\u00f3n con cut\u00f3metro).<\/p><\/div><\/div>\n<\/div>\n\n\n\n<div class=\"wp-block-uagb-container uagb-block-f62d0648\">\n<div data-aos= \"fade-left\" data-aos-duration=\"400\" data-aos-delay=\"0\" data-aos-easing=\"ease\" data-aos-once=\"true\" class=\"wp-block-uagb-image uagb-block-177149d5 wp-block-uagb-image--layout-default wp-block-uagb-image--effect-static wp-block-uagb-image--align-none\"><figure class=\"wp-block-uagb-image__figure\"><img decoding=\"async\" srcset=\"https:\/\/rejuran.com.mx\/wp-content\/uploads\/2025\/08\/GA\u0301FICO-CHICA-REJURAN-1024x803.png ,https:\/\/rejuran.com.mx\/wp-content\/uploads\/2025\/08\/GA\u0301FICO-CHICA-REJURAN.png 780w, https:\/\/rejuran.com.mx\/wp-content\/uploads\/2025\/08\/GA\u0301FICO-CHICA-REJURAN.png 360w\" sizes=\"auto, (max-width: 480px) 150px\" src=\"https:\/\/rejuran.com.mx\/wp-content\/uploads\/2025\/08\/GA\u0301FICO-CHICA-REJURAN-1024x803.png\" alt=\"\" class=\"uag-image-258\" width=\"580\" height=\"454\" title=\"GA\u0301FICO-CHICA-REJURAN\" loading=\"lazy\" role=\"img\"\/><\/figure><\/div>\n<\/div>\n<\/div><\/div>\n\n\n\n<div style=\"height:100px\" aria-hidden=\"true\" class=\"wp-block-spacer\"><\/div>\n\n\n\n<div data-aos= \"fade-up\" data-aos-duration=\"400\" data-aos-delay=\"0\" data-aos-easing=\"ease\" data-aos-once=\"true\" class=\"wp-block-uagb-advanced-heading uagb-block-b9a18a3a\"><h2 class=\"uagb-heading-text\">\u00bfC\u00f3mo funciona Rejuran Healer?<\/h2><\/div>\n\n\n\n<div class=\"wp-block-uagb-container uagb-block-d65a08d3\">\n<div data-aos= \"fade-right\" data-aos-duration=\"400\" data-aos-delay=\"0\" data-aos-easing=\"ease\" data-aos-once=\"true\" class=\"wp-block-uagb-container uagb-block-c1588b44\">      \n\t\t\t<div class=\"uagb-icon-wrapper uagb-block-7e74ded0      \"\n\t\t\tstyle=\"\" >\n\t\t\t\t\t\t\t\t\t<span class=\"uagb-svg-wrapper\" \n\t\t\t\t\t aria-label=\"dna\"\t\t\t\t\ttabindex=\"0\">\t\t\n\t\t\t\t\t\t\t\t\t\t<svg xmlns=\"https:\/\/www.w3.org\/2000\/svg\" viewBox= \"0 0 448 512\" role=\"graphics-symbol\" aria-hidden=\"false\" aria-label=\"\"><path d=\"M.1193 494.1c-1.125 9.5 6.312 17.87 15.94 17.87l32.06 .0635c8.125 0 15.21-5.833 16.21-13.83c.7501-4.875 1.869-11.17 3.494-18.17h312c1.625 6.875 2.904 13.31 3.529 18.18c1.125 7.1 7.84 13.94 15.97 13.82l32.46-.0625c9.625 0 17.12-8.374 15.99-17.87c-4.625-37.87-25.75-128.1-119.1-207.7c-17.5 12.37-36.98 24.37-58.48 35.49c6.25 4.625 11.56 9.405 17.06 14.15H159.7c21.25-18.12 47.03-35.63 78.65-51.38c172.1-85.5 203.7-218.8 209.5-266.7c1.125-9.5-6.297-17.88-15.92-17.88L399.6 .001c-8.125 0-14.84 5.832-15.96 13.83c-.7501 4.875-1.869 11.17-3.369 18.17H67.74C66.24 25 65.08 18.81 64.33 13.81C63.21 5.813 56.48-.124 48.36 .001L16.1 .1338c-9.625 0-17.09 8.354-15.96 17.85c5.125 42.87 31.29 153.8 159.9 238.1C31.55 340.3 5.245 451.2 .1193 494.1zM223.9 219.7C198.8 205.9 177.6 191.3 159.7 176h128.5C270.4 191.3 249 206.1 223.9 219.7zM355.1 96c-5.875 10.37-12.88 21.12-21 31.1H113.1c-8.25-10.87-15.3-21.63-21.05-32L355.1 96zM93 415.1c5.875-10.37 12.74-21.13 20.87-32h219.4c8.375 10.87 15.48 21.63 21.23 32H93z\"><\/path><\/svg>\n\t\t\t\t\t\t\t\t\t<\/span>\n\t\t\t\t\t\t\t<\/div>\n\t\t\t\n\n\n<div class=\"wp-block-uagb-info-box uagb-block-5408ebdb uagb-infobox__content-wrap  uagb-infobox-icon-above-title uagb-infobox-image-valign-top\"><div class=\"uagb-ifb-content\"><div class=\"uagb-ifb-title-wrap\"><h5 class=\"uagb-ifb-title\">Ingrediente principal<\/h5><\/div><p class=\"uagb-ifb-desc\">Polinucle\u00f3tidos (PN)<br>Son fragmentos purificados de ADN de salm\u00f3n silvestre, obtenidos mediante un exclusivo proceso patentado por la tecnolog\u00eda DOT, que garantiza la m\u00e1xima calidad y biocompatibilidad.<\/p><\/div><\/div>\n\n\n      \n\t\t\t<div class=\"uagb-icon-wrapper uagb-block-a32ba57a      \"\n\t\t\tstyle=\"\" >\n\t\t\t\t\t\t\t\t\t<span class=\"uagb-svg-wrapper\" \n\t\t\t\t\t aria-label=\"atom\"\t\t\t\t\ttabindex=\"0\">\t\t\n\t\t\t\t\t\t\t\t\t\t<svg xmlns=\"https:\/\/www.w3.org\/2000\/svg\" viewBox= \"0 0 512 512\" role=\"graphics-symbol\" aria-hidden=\"false\" aria-label=\"\"><path d=\"M256 224C238.4 224 223.1 238.4 223.1 256S238.4 288 256 288c17.63 0 32-14.38 32-32S273.6 224 256 224zM470.2 128c-10.88-19.5-40.51-50.75-116.3-41.88C332.4 34.88 299.6 0 256 0S179.6 34.88 158.1 86.12C82.34 77.38 52.71 108.5 41.83 128c-16.38 29.38-14.91 73.12 25.23 128c-40.13 54.88-41.61 98.63-25.23 128c29.13 52.38 101.6 43.63 116.3 41.88C179.6 477.1 212.4 512 256 512s76.39-34.88 97.9-86.13C368.5 427.6 441 436.4 470.2 384c16.38-29.38 14.91-73.13-25.23-128C485.1 201.1 486.5 157.4 470.2 128zM95.34 352c-4.001-7.25-.1251-24.75 15-48.25c6.876 6.5 14.13 12.87 21.88 19.12c1.625 13.75 4.001 27.13 6.751 40.13C114.3 363.9 99.09 358.6 95.34 352zM132.2 189.1C124.5 195.4 117.2 201.8 110.3 208.2C95.22 184.8 91.34 167.2 95.34 160c3.376-6.125 16.38-11.5 37.88-11.5c1.75 0 3.876 .375 5.751 .375C136.1 162.2 133.8 175.6 132.2 189.1zM256 64c9.502 0 22.25 13.5 33.88 37.25C278.6 105 267.4 109.3 256 114.1C244.6 109.3 233.4 105 222.1 101.2C233.7 77.5 246.5 64 256 64zM256 448c-9.502 0-22.25-13.5-33.88-37.25C233.4 407 244.6 402.7 256 397.9c11.38 4.875 22.63 9.135 33.88 12.89C278.3 434.5 265.5 448 256 448zM256 336c-44.13 0-80.02-35.88-80.02-80S211.9 176 256 176s80.02 35.88 80.02 80S300.1 336 256 336zM416.7 352c-3.626 6.625-19 11.88-43.63 11c2.751-12.1 5.126-26.38 6.751-40.13c7.752-6.25 15-12.63 21.88-19.12C416.8 327.2 420.7 344.8 416.7 352zM401.7 208.2c-6.876-6.5-14.13-12.87-21.88-19.12c-1.625-13.5-3.876-26.88-6.751-40.25c1.875 0 4.001-.375 5.751-.375c21.5 0 34.51 5.375 37.88 11.5C420.7 167.2 416.8 184.8 401.7 208.2z\"><\/path><\/svg>\n\t\t\t\t\t\t\t\t\t<\/span>\n\t\t\t\t\t\t\t<\/div>\n\t\t\t\n\n\n<div class=\"wp-block-uagb-info-box uagb-block-73129e9b uagb-infobox__content-wrap  uagb-infobox-icon-above-title uagb-infobox-image-valign-top\"><div class=\"uagb-ifb-content\"><div class=\"uagb-ifb-title-wrap\"><h5 class=\"uagb-ifb-title\">Mecanismo de acci\u00f3n<\/h5><\/div><p class=\"uagb-ifb-desc\">Regeneraci\u00f3n celular y estimulaci\u00f3n de col\u00e1geno.<\/p><\/div><\/div>\n<\/div>\n\n\n\n<div data-aos= \"fade-right\" data-aos-duration=\"400\" data-aos-delay=\"0\" data-aos-easing=\"ease\" data-aos-once=\"true\" class=\"wp-block-uagb-container uagb-block-2d120e8e\">      \n\t\t\t<div class=\"uagb-icon-wrapper uagb-block-e3630754      \"\n\t\t\tstyle=\"\" >\n\t\t\t\t\t\t\t\t\t<span class=\"uagb-svg-wrapper\" \n\t\t\t\t\t aria-label=\"circle-question\"\t\t\t\t\ttabindex=\"0\">\t\t\n\t\t\t\t\t\t\t\t\t\t<svg xmlns=\"https:\/\/www.w3.org\/2000\/svg\" viewBox= \"0 0 512 512\" role=\"graphics-symbol\" aria-hidden=\"false\" aria-label=\"\"><path d=\"M256 0C114.6 0 0 114.6 0 256s114.6 256 256 256s256-114.6 256-256S397.4 0 256 0zM256 400c-18 0-32-14-32-32s13.1-32 32-32c17.1 0 32 14 32 32S273.1 400 256 400zM325.1 258L280 286V288c0 13-11 24-24 24S232 301 232 288V272c0-8 4-16 12-21l57-34C308 213 312 206 312 198C312 186 301.1 176 289.1 176h-51.1C225.1 176 216 186 216 198c0 13-11 24-24 24s-24-11-24-24C168 159 199 128 237.1 128h51.1C329 128 360 159 360 198C360 222 347 245 325.1 258z\"><\/path><\/svg>\n\t\t\t\t\t\t\t\t\t<\/span>\n\t\t\t\t\t\t\t<\/div>\n\t\t\t\n\n\n<div class=\"wp-block-uagb-info-box uagb-block-3883f3b0 uagb-infobox__content-wrap  uagb-infobox-icon-above-title uagb-infobox-image-valign-top\"><div class=\"uagb-ifb-content\"><div class=\"uagb-ifb-title-wrap\"><h5 class=\"uagb-ifb-title\">Origen<\/h5><\/div><p class=\"uagb-ifb-desc\">ADN de salm\u00f3n y biocompatibilidad. Su presentaci\u00f3n es una soluci\u00f3n viscosa, transparente e incolora, dise\u00f1ada para integrarse de forma arm\u00f3nica en los tejidos. <\/p><\/div><\/div>\n\n\n      \n\t\t\t<div class=\"uagb-icon-wrapper uagb-block-b8400ef8      \"\n\t\t\tstyle=\"\" >\n\t\t\t\t\t\t\t\t\t<span class=\"uagb-svg-wrapper\" \n\t\t\t\t\t aria-label=\"circle-check\"\t\t\t\t\ttabindex=\"0\">\t\t\n\t\t\t\t\t\t\t\t\t\t<svg xmlns=\"https:\/\/www.w3.org\/2000\/svg\" viewBox= \"0 0 512 512\" role=\"graphics-symbol\" aria-hidden=\"false\" aria-label=\"\"><path d=\"M0 256C0 114.6 114.6 0 256 0C397.4 0 512 114.6 512 256C512 397.4 397.4 512 256 512C114.6 512 0 397.4 0 256zM371.8 211.8C382.7 200.9 382.7 183.1 371.8 172.2C360.9 161.3 343.1 161.3 332.2 172.2L224 280.4L179.8 236.2C168.9 225.3 151.1 225.3 140.2 236.2C129.3 247.1 129.3 264.9 140.2 275.8L204.2 339.8C215.1 350.7 232.9 350.7 243.8 339.8L371.8 211.8z\"><\/path><\/svg>\n\t\t\t\t\t\t\t\t\t<\/span>\n\t\t\t\t\t\t\t<\/div>\n\t\t\t\n\n\n<div class=\"wp-block-uagb-info-box uagb-block-4cdd22fa uagb-infobox__content-wrap  uagb-infobox-icon-above-title uagb-infobox-image-valign-top\"><div class=\"uagb-ifb-content\"><div class=\"uagb-ifb-title-wrap\"><h5 class=\"uagb-ifb-title\">Efecto<\/h5><\/div><p class=\"uagb-ifb-desc\">Activaci\u00f3n de la auto-recuperaci\u00f3n de la piel. Gracias a su degradaci\u00f3n lenta y controlada, mantienen una estructura uniforme y estable dentro de la piel, favoreciendo procesos de regeneraci\u00f3n y reparaci\u00f3n a largo plazo.<\/p><\/div><\/div>\n<\/div>\n<\/div>\n<\/div><\/div>\n\n\n\n<div style=\"height:100px\" aria-hidden=\"true\" class=\"wp-block-spacer\"><\/div>\n\n\n\n<div data-aos= \"fade-up\" data-aos-duration=\"400\" data-aos-delay=\"0\" data-aos-easing=\"ease\" data-aos-once=\"true\" class=\"wp-block-uagb-info-box uagb-block-61969497 uagb-infobox__content-wrap  uagb-infobox-icon-above-title uagb-infobox-image-valign-top\"><div class=\"uagb-ifb-content\"><div class=\"uagb-ifb-title-wrap\"><h3 class=\"uagb-ifb-title\">Casos Cl\u00ednicos<\/h3><\/div><\/div><\/div>\n\n\n\n<div class=\"wp-block-uagb-container uagb-block-30145153 alignfull uagb-is-root-container\"><div class=\"uagb-container-inner-blocks-wrap\">\n<\/div><\/div>\n\n\n\n<p style=\"font-size:18px\"><\/p>\n\n\n\n<p><\/p>\n","protected":false},"excerpt":{"rendered":"<p>Rejuvenece la piel hoy \u00bfC\u00f3mo funciona Rejuran Healer?<\/p>\n","protected":false},"author":1,"featured_media":0,"parent":0,"menu_order":0,"comment_status":"closed","ping_status":"closed","template":"","meta":{"_uag_custom_page_level_css":"","site-sidebar-layout":"default","site-content-layout":"","ast-site-content-layout":"default","site-content-style":"default","site-sidebar-style":"default","ast-global-header-display":"","ast-banner-title-visibility":"","ast-main-header-display":"","ast-hfb-above-header-display":"","ast-hfb-below-header-display":"","ast-hfb-mobile-header-display":"","site-post-title":"disabled","ast-breadcrumbs-content":"","ast-featured-img":"","footer-sml-layout":"","theme-transparent-header-meta":"","adv-header-id-meta":"","stick-header-meta":"","header-above-stick-meta":"","header-main-stick-meta":"","header-below-stick-meta":"","astra-migrate-meta-layouts":"default","ast-page-background-enabled":"default","ast-page-background-meta":{"desktop":{"background-color":"var(--ast-global-color-5)","background-image":"","background-repeat":"repeat","background-position":"center center","background-size":"auto","background-attachment":"scroll","background-type":"","background-media":"","overlay-type":"","overlay-color":"","overlay-opacity":"","overlay-gradient":""},"tablet":{"background-color":"","background-image":"","background-repeat":"repeat","background-position":"center center","background-size":"auto","background-attachment":"scroll","background-type":"","background-media":"","overlay-type":"","overlay-color":"","overlay-opacity":"","overlay-gradient":""},"mobile":{"background-color":"","background-image":"","background-repeat":"repeat","background-position":"center center","background-size":"auto","background-attachment":"scroll","background-type":"","background-media":"","overlay-type":"","overlay-color":"","overlay-opacity":"","overlay-gradient":""}},"ast-content-background-meta":{"desktop":{"background-color":"var(--ast-global-color-4)","background-image":"","background-repeat":"repeat","background-position":"center center","background-size":"auto","background-attachment":"scroll","background-type":"","background-media":"","overlay-type":"","overlay-color":"","overlay-opacity":"","overlay-gradient":""},"tablet":{"background-color":"var(--ast-global-color-4)","background-image":"","background-repeat":"repeat","background-position":"center center","background-size":"auto","background-attachment":"scroll","background-type":"","background-media":"","overlay-type":"","overlay-color":"","overlay-opacity":"","overlay-gradient":""},"mobile":{"background-color":"var(--ast-global-color-4)","background-image":"","background-repeat":"repeat","background-position":"center center","background-size":"auto","background-attachment":"scroll","background-type":"","background-media":"","overlay-type":"","overlay-color":"","overlay-opacity":"","overlay-gradient":""}},"footnotes":""},"class_list":["post-101","page","type-page","status-publish","hentry"],"uagb_featured_image_src":{"full":false,"thumbnail":false,"medium":false,"medium_large":false,"large":false,"1536x1536":false,"2048x2048":false},"uagb_author_info":{"display_name":"admin","author_link":"https:\/\/rejuran.com.mx\/author\/rejurancom"},"uagb_comment_info":0,"uagb_excerpt":"Rejuvenece la piel hoy \u00bfC\u00f3mo funciona Rejuran Healer?","_links":{"self":[{"href":"https:\/\/rejuran.com.mx\/index.php?rest_route=\/wp\/v2\/pages\/101","targetHints":{"allow":["GET"]}}],"collection":[{"href":"https:\/\/rejuran.com.mx\/index.php?rest_route=\/wp\/v2\/pages"}],"about":[{"href":"https:\/\/rejuran.com.mx\/index.php?rest_route=\/wp\/v2\/types\/page"}],"author":[{"embeddable":true,"href":"https:\/\/rejuran.com.mx\/index.php?rest_route=\/wp\/v2\/users\/1"}],"replies":[{"embeddable":true,"href":"https:\/\/rejuran.com.mx\/index.php?rest_route=%2Fwp%2Fv2%2Fcomments&post=101"}],"version-history":[{"count":25,"href":"https:\/\/rejuran.com.mx\/index.php?rest_route=\/wp\/v2\/pages\/101\/revisions"}],"predecessor-version":[{"id":310,"href":"https:\/\/rejuran.com.mx\/index.php?rest_route=\/wp\/v2\/pages\/101\/revisions\/310"}],"wp:attachment":[{"href":"https:\/\/rejuran.com.mx\/index.php?rest_route=%2Fwp%2Fv2%2Fmedia&parent=101"}],"curies":[{"name":"wp","href":"https:\/\/api.w.org\/{rel}","templated":true}]}}